{"id":8294,"date":"2020-08-19T00:24:17","date_gmt":"2020-08-19T00:24:17","guid":{"rendered":"http:\/\/www.citilusa.pt\/?page_id=8294"},"modified":"2020-10-30T18:07:24","modified_gmt":"2020-10-30T18:07:24","slug":"portfolio","status":"publish","type":"page","link":"http:\/\/www.citilusa.pt\/?page_id=8294","title":{"rendered":"Portf\u00f3lio"},"content":{"rendered":"\t\t<div data-elementor-type=\"wp-page\" data-elementor-id=\"8294\" class=\"elementor elementor-8294\" data-elementor-settings=\"[]\">\n\t\t\t\t\t\t<div class=\"elementor-inner\">\n\t\t\t\t\t\t\t<div class=\"elementor-section-wrap\">\n\t\t\t\t\t\t\t<section class=\"elementor-section elementor-top-section elementor-element elementor-element-bfbdea4 elementor-section-boxed elementor-section-height-default elementor-section-height-default\" data-id=\"bfbdea4\" data-element_type=\"section\">\n\t\t\t\t\t\t<div class=\"elementor-container elementor-column-gap-default\">\n\t\t\t\t\t\t\t<div class=\"elementor-row\">\n\t\t\t\t\t<div class=\"elementor-column elementor-col-100 elementor-top-column elementor-element elementor-element-b06dad8\" data-id=\"b06dad8\" data-element_type=\"column\">\n\t\t\t<div class=\"elementor-column-wrap elementor-element-populated\">\n\t\t\t\t\t\t\t<div class=\"elementor-widget-wrap\">\n\t\t\t\t\t\t<div class=\"elementor-element elementor-element-185df53 elementor-invisible elementor-widget elementor-widget-image\" data-id=\"185df53\" data-element_type=\"widget\" data-settings=\"{&quot;_animation&quot;:&quot;slideInUp&quot;}\" data-widget_type=\"image.default\">\n\t\t\t\t<div class=\"elementor-widget-container\">\n\t\t\t\t\t<div class=\"elementor-image\">\n\t\t\t\t\t\t\t\t\t\t<img width=\"2030\" height=\"1351\" src=\"http:\/\/www.citilusa.pt\/wp-content\/uploads\/2020\/10\/mmedraw.jpg\" class=\"attachment-full size-full\" alt=\"\" loading=\"lazy\" srcset=\"http:\/\/www.citilusa.pt\/wp-content\/uploads\/2020\/10\/mmedraw.jpg 2030w, http:\/\/www.citilusa.pt\/wp-content\/uploads\/2020\/10\/mmedraw-300x200.jpg 300w, http:\/\/www.citilusa.pt\/wp-content\/uploads\/2020\/10\/mmedraw-1024x681.jpg 1024w, http:\/\/www.citilusa.pt\/wp-content\/uploads\/2020\/10\/mmedraw-768x511.jpg 768w, http:\/\/www.citilusa.pt\/wp-content\/uploads\/2020\/10\/mmedraw-1536x1022.jpg 1536w, http:\/\/www.citilusa.pt\/wp-content\/uploads\/2020\/10\/mmedraw-902x600.jpg 902w, http:\/\/www.citilusa.pt\/wp-content\/uploads\/2020\/10\/mmedraw-496x330.jpg 496w\" sizes=\"(max-width: 2030px) 100vw, 2030px\" \/>\t\t\t\t\t\t\t\t\t\t\t<\/div>\n\t\t\t\t<\/div>\n\t\t\t\t<\/div>\n\t\t\t\t<div class=\"elementor-element elementor-element-a9d910c elementor-widget elementor-widget-image\" data-id=\"a9d910c\" data-element_type=\"widget\" data-widget_type=\"image.default\">\n\t\t\t\t<div class=\"elementor-widget-container\">\n\t\t\t\t\t<div class=\"elementor-image\">\n\t\t\t\t\t\t\t\t\t\t<img width=\"302\" height=\"276\" src=\"http:\/\/www.citilusa.pt\/wp-content\/uploads\/2020\/10\/mme@05x.png\" class=\"attachment-large size-large\" alt=\"\" loading=\"lazy\" srcset=\"http:\/\/www.citilusa.pt\/wp-content\/uploads\/2020\/10\/mme@05x.png 302w, http:\/\/www.citilusa.pt\/wp-content\/uploads\/2020\/10\/mme@05x-300x274.png 300w\" sizes=\"(max-width: 302px) 100vw, 302px\" \/>\t\t\t\t\t\t\t\t\t\t\t<\/div>\n\t\t\t\t<\/div>\n\t\t\t\t<\/div>\n\t\t\t\t<div class=\"elementor-element elementor-element-455b3da elementor-widget elementor-widget-text-editor\" data-id=\"455b3da\" data-element_type=\"widget\" data-settings=\"{&quot;_animation_mobile&quot;:&quot;fadeIn&quot;}\" data-widget_type=\"text-editor.default\">\n\t\t\t\t<div class=\"elementor-widget-container\">\n\t\t\t\t\t<div class=\"elementor-text-editor elementor-clearfix\"><p>O pr\u00e9dio destinava-se a lojas comerciais no r\u00e9s-do-ch\u00e3o, escrit\u00f3rios no 1\u00ba andar e atelier de modista de chap\u00e9us no 2\u00ba andar. Os \u00faltimos andares foram destinados a habita\u00e7\u00e3o.<\/p><p>Posteriormente, no ano de 1946. foram executadas altera\u00e7\u00f5es ao projecto original, da autoria da Arq.\u00aa Maria Jos\u00e9 Marques da Silva (1914-1994), a primeira arquiteta diplomada pela Escola Superior de Belas Artes do Porto, formada sob a orienta\u00e7\u00e3o do mestre Jos\u00e9 Marques da Silva (1869-1947).<\/p><p>No ano de 2013 o edif\u00edcio foi adquirido pela empresa <i>Citilusa<\/i>, com o objetivo de o reabilitar e lhe restituir a presen\u00e7a e as refer\u00eancias esquecidas ao longo dos \u00faltimas d\u00e9cadas, numa das zonas mais conceituadas desta cidade, a rua de S\u00e1 da Bandeira.<\/p><p>Este projeto de reabilita\u00e7\u00e3o, da autoria do Arquiteto Jorge Gon\u00e7alves,<span class=\"Apple-converted-space\">\u00a0 <\/span>teve como principal objetivo a reformula\u00e7\u00e3o espacial respeitando o tra\u00e7ado original, de forma a valorizar os pormenores arquitet\u00f4nicos do edif\u00edcio e a riqueza do patrim\u00f3nio envolvente desta zona da cidade. Com esta interven\u00e7\u00e3o o pr\u00e9dio passar\u00e1 a ter a designa\u00e7\u00e3o de <i>Edif\u00edcio Mme. Berthe Dupoisot<\/i>, em homenagem ao empreendedorismo e paix\u00e3o desta senhora pela cidade do Porto.<span class=\"Apple-converted-space\">\u00a0<\/span><\/p><\/div>\n\t\t\t\t<\/div>\n\t\t\t\t<\/div>\n\t\t\t\t<div class=\"elementor-element elementor-element-0998823 elementor-widget elementor-widget-spacer\" data-id=\"0998823\" data-element_type=\"widget\" data-widget_type=\"spacer.default\">\n\t\t\t\t<div class=\"elementor-widget-container\">\n\t\t\t\t\t<div class=\"elementor-spacer\">\n\t\t\t<div class=\"elementor-spacer-inner\"><\/div>\n\t\t<\/div>\n\t\t\t\t<\/div>\n\t\t\t\t<\/div>\n\t\t\t\t<div class=\"elementor-element elementor-element-390f95e elementor-widget elementor-widget-spacer\" data-id=\"390f95e\" data-element_type=\"widget\" data-widget_type=\"spacer.default\">\n\t\t\t\t<div class=\"elementor-widget-container\">\n\t\t\t\t\t<div class=\"elementor-spacer\">\n\t\t\t<div class=\"elementor-spacer-inner\"><\/div>\n\t\t<\/div>\n\t\t\t\t<\/div>\n\t\t\t\t<\/div>\n\t\t\t\t\t\t<\/div>\n\t\t\t\t\t<\/div>\n\t\t<\/div>\n\t\t\t\t\t\t\t\t<\/div>\n\t\t\t\t\t<\/div>\n\t\t<\/section>\n\t\t\t\t\t\t<\/div>\n\t\t\t\t\t\t<\/div>\n\t\t\t\t\t<\/div>\n\t\t","protected":false},"excerpt":{"rendered":"<p>O pr\u00e9dio destinava-se a lojas comerciais no r\u00e9s-do-ch\u00e3o, escrit\u00f3rios no 1\u00ba andar e atelier de modista de chap\u00e9us no 2\u00ba andar. Os \u00faltimos andares foram destinados a habita\u00e7\u00e3o. Posteriormente, no ano de 1946. foram executadas altera\u00e7\u00f5es ao projecto original, da autoria da Arq.\u00aa Maria Jos\u00e9 Marques da Silva (1914-1994), a primeira arquiteta diplomada pela Escola [&hellip;]<\/p>\n","protected":false},"author":1,"featured_media":0,"parent":0,"menu_order":0,"comment_status":"closed","ping_status":"closed","template":"elementor_header_footer","meta":[],"_links":{"self":[{"href":"http:\/\/www.citilusa.pt\/index.php?rest_route=\/wp\/v2\/pages\/8294"}],"collection":[{"href":"http:\/\/www.citilusa.pt\/index.php?rest_route=\/wp\/v2\/pages"}],"about":[{"href":"http:\/\/www.citilusa.pt\/index.php?rest_route=\/wp\/v2\/types\/page"}],"author":[{"embeddable":true,"href":"http:\/\/www.citilusa.pt\/index.php?rest_route=\/wp\/v2\/users\/1"}],"replies":[{"embeddable":true,"href":"http:\/\/www.citilusa.pt\/index.php?rest_route=%2Fwp%2Fv2%2Fcomments&post=8294"}],"version-history":[{"count":41,"href":"http:\/\/www.citilusa.pt\/index.php?rest_route=\/wp\/v2\/pages\/8294\/revisions"}],"predecessor-version":[{"id":8584,"href":"http:\/\/www.citilusa.pt\/index.php?rest_route=\/wp\/v2\/pages\/8294\/revisions\/8584"}],"wp:attachment":[{"href":"http:\/\/www.citilusa.pt\/index.php?rest_route=%2Fwp%2Fv2%2Fmedia&parent=8294"}],"curies":[{"name":"wp","href":"https:\/\/api.w.org\/{rel}","templated":true}]}}